{"id":121,"date":"2023-06-04T14:27:58","date_gmt":"2023-06-04T14:27:58","guid":{"rendered":"https:\/\/poker52cartas.com.br\/?page_id=121"},"modified":"2023-10-23T13:53:11","modified_gmt":"2023-10-23T13:53:11","slug":"curso-basico-gratuito","status":"publish","type":"page","link":"https:\/\/poker52cartas.com.br\/?page_id=121","title":{"rendered":"Curso B\u00e1sico Gratuito"},"content":{"rendered":"\n<figure class=\"wp-block-image size-full\"><img fetchpriority=\"high\" decoding=\"async\" width=\"604\" height=\"579\" src=\"https:\/\/poker52cartas.com.br\/wp-content\/uploads\/2023\/06\/live10k.png\" alt=\"\" class=\"wp-image-131\" srcset=\"https:\/\/poker52cartas.com.br\/wp-content\/uploads\/2023\/06\/live10k.png 604w, https:\/\/poker52cartas.com.br\/wp-content\/uploads\/2023\/06\/live10k-300x288.png 300w\" sizes=\"(max-width: 604px) 100vw, 604px\" \/><\/figure>\n\n\n\n<h2 class=\"wp-block-heading has-text-align-center\" style=\"font-size:34px\"><a href=\"https:\/\/poker52cartas.com.br\/\" data-type=\"link\" data-id=\"https:\/\/poker52cartas.com.br\/\" target=\"_blank\" rel=\"noreferrer noopener\">Sobre a Metodologia Poker52Cartas<\/a><\/h2>\n\n\n\n<p class=\"has-text-align-center\"><a rel=\"noreferrer noopener\" href=\"https:\/\/poker52cartas.com.br\/?p=39\" data-type=\"URL\" data-id=\"https:\/\/poker52cartas.com.br\/?p=39\" target=\"_blank\">Aula 1 &#8211; \u00a8As 2 principais modalidades de Poker\u00a8<\/a><\/p>\n\n\n\n<p class=\"has-text-align-center\"><a rel=\"noreferrer noopener\" href=\"https:\/\/poker52cartas.com.br\/?p=38\" data-type=\"link\" data-id=\"https:\/\/poker52cartas.com.br\/?p=38\" target=\"_blank\">Aula 2 &#8211; \u00a8As a\u00e7\u00f5es B\u00e1sicas do Poker\u00a8<\/a><\/p>\n\n\n\n<p class=\"has-text-align-center\"><a rel=\"noreferrer noopener\" href=\"https:\/\/poker52cartas.com.br\/?p=36\" data-type=\"URL\" data-id=\"https:\/\/poker52cartas.com.br\/?p=36\" target=\"_blank\">Aula 3 &#8211; \u00a8A din\u00e2mica do jogo de Poker\u00a8<\/a><\/p>\n\n\n\n<h2 class=\"wp-block-heading has-text-align-center has-normal-font-size\"><a rel=\"noreferrer noopener\" href=\"https:\/\/poker52cartas.com.br\/?p=24\" data-type=\"URL\" data-id=\"https:\/\/poker52cartas.com.br\/?p=24\" target=\"_blank\">Aula 4 &#8211; \u00a8A din\u00e2mica do jogo de Poker na pr\u00e1tica\u00a8<\/a><\/h2>\n\n\n\n<h2 class=\"wp-block-heading has-text-align-center\" style=\"font-size:20px\"><\/h2>\n\n\n\n<p><\/p>\n","protected":false},"excerpt":{"rendered":"<p>Sobre a Metodologia Poker52Cartas Aula 1 &#8211; \u00a8As 2 principais modalidades de Poker\u00a8 Aula 2 &#8211; \u00a8As a\u00e7\u00f5es B\u00e1sicas do Poker\u00a8 Aula 3 &#8211; \u00a8A din\u00e2mica do jogo de Poker\u00a8 Aula 4 &#8211; \u00a8A din\u00e2mica do jogo de Poker na pr\u00e1tica\u00a8<\/p>\n","protected":false},"author":1,"featured_media":0,"parent":0,"menu_order":0,"comment_status":"closed","ping_status":"closed","template":"","meta":{"_monsterinsights_skip_tracking":false,"_monsterinsights_sitenote_active":false,"_monsterinsights_sitenote_note":"","_monsterinsights_sitenote_category":0,"footnotes":""},"class_list":["post-121","page","type-page","status-publish","hentry","entry"],"_links":{"self":[{"href":"https:\/\/poker52cartas.com.br\/index.php?rest_route=\/wp\/v2\/pages\/121","targetHints":{"allow":["GET"]}}],"collection":[{"href":"https:\/\/poker52cartas.com.br\/index.php?rest_route=\/wp\/v2\/pages"}],"about":[{"href":"https:\/\/poker52cartas.com.br\/index.php?rest_route=\/wp\/v2\/types\/page"}],"author":[{"embeddable":true,"href":"https:\/\/poker52cartas.com.br\/index.php?rest_route=\/wp\/v2\/users\/1"}],"replies":[{"embeddable":true,"href":"https:\/\/poker52cartas.com.br\/index.php?rest_route=%2Fwp%2Fv2%2Fcomments&post=121"}],"version-history":[{"count":10,"href":"https:\/\/poker52cartas.com.br\/index.php?rest_route=\/wp\/v2\/pages\/121\/revisions"}],"predecessor-version":[{"id":281,"href":"https:\/\/poker52cartas.com.br\/index.php?rest_route=\/wp\/v2\/pages\/121\/revisions\/281"}],"wp:attachment":[{"href":"https:\/\/poker52cartas.com.br\/index.php?rest_route=%2Fwp%2Fv2%2Fmedia&parent=121"}],"curies":[{"name":"wp","href":"https:\/\/api.w.org\/{rel}","templated":true}]}}