{"id":133,"date":"2023-06-04T14:33:00","date_gmt":"2023-06-04T14:33:00","guid":{"rendered":"https:\/\/poker52cartas.com.br\/?page_id=133"},"modified":"2023-09-03T10:47:44","modified_gmt":"2023-09-03T10:47:44","slug":"sobre","status":"publish","type":"page","link":"https:\/\/poker52cartas.com.br\/?page_id=133","title":{"rendered":"O Poker"},"content":{"rendered":"\n<h2 class=\"wp-block-heading has-text-align-center has-orange-background-color has-background has-normal-font-size\"><strong>O Poker \u00e9 um esporte da mente que exige mem\u00f3ria, racioc\u00ednio l\u00f3gico, gest\u00e3o do estresse e cumprimento de metas.&nbsp;<\/strong><\/h2>\n\n\n\n<figure class=\"wp-block-image size-large\"><img fetchpriority=\"high\" decoding=\"async\" width=\"1024\" height=\"768\" src=\"https:\/\/poker52cartas.com.br\/wp-content\/uploads\/2023\/06\/20170806_131315-1024x768.jpg\" alt=\"\" class=\"wp-image-142\" srcset=\"https:\/\/poker52cartas.com.br\/wp-content\/uploads\/2023\/06\/20170806_131315-1024x768.jpg 1024w, https:\/\/poker52cartas.com.br\/wp-content\/uploads\/2023\/06\/20170806_131315-300x225.jpg 300w, https:\/\/poker52cartas.com.br\/wp-content\/uploads\/2023\/06\/20170806_131315-768x576.jpg 768w, https:\/\/poker52cartas.com.br\/wp-content\/uploads\/2023\/06\/20170806_131315-1536x1152.jpg 1536w, https:\/\/poker52cartas.com.br\/wp-content\/uploads\/2023\/06\/20170806_131315-2048x1536.jpg 2048w, https:\/\/poker52cartas.com.br\/wp-content\/uploads\/2023\/06\/20170806_131315-1568x1176.jpg 1568w\" sizes=\"(max-width: 1024px) 100vw, 1024px\" \/><\/figure>\n\n\n\n<h2 class=\"wp-block-heading has-text-align-center has-orange-background-color has-background has-normal-font-size\"><strong>O&nbsp;Poker \u00e9 um esporte altamente competitivo, e sua prepara\u00e7\u00e3o orienta-se tamb\u00e9m por referenciais vinculados aos aspectos t\u00e9cnicos.<\/strong><\/h2>\n\n\n\n<h2 class=\"wp-block-heading has-text-align-center has-orange-background-color has-background has-normal-font-size\"><strong>Aspectos t\u00e9cnicos como: as regras do jogo, a din\u00e2mica da mesa e das apostas, o ranking de m\u00e3os, as probabilidades e estat\u00edsticas. <\/strong><\/h2>\n\n\n\n<h2 class=\"wp-block-heading has-text-align-center has-orange-background-color has-background has-normal-font-size\"><strong>No entanto, o poker n\u00e3o lida apenas com aspectos t\u00e9cnicos. O poker \u00e9 extremamente complexo pois suas decis\u00f5es dependem de informa\u00e7\u00f5es incompletas.<\/strong><\/h2>\n\n\n\n<figure class=\"wp-block-image size-large\"><img decoding=\"async\" width=\"1024\" height=\"683\" src=\"https:\/\/poker52cartas.com.br\/wp-content\/uploads\/2023\/06\/pexels-javon-swaby-3279685-1024x683.jpg\" alt=\"\" class=\"wp-image-145\" srcset=\"https:\/\/poker52cartas.com.br\/wp-content\/uploads\/2023\/06\/pexels-javon-swaby-3279685-1024x683.jpg 1024w, https:\/\/poker52cartas.com.br\/wp-content\/uploads\/2023\/06\/pexels-javon-swaby-3279685-300x200.jpg 300w, https:\/\/poker52cartas.com.br\/wp-content\/uploads\/2023\/06\/pexels-javon-swaby-3279685-768x512.jpg 768w, https:\/\/poker52cartas.com.br\/wp-content\/uploads\/2023\/06\/pexels-javon-swaby-3279685-1536x1024.jpg 1536w, https:\/\/poker52cartas.com.br\/wp-content\/uploads\/2023\/06\/pexels-javon-swaby-3279685-2048x1365.jpg 2048w, https:\/\/poker52cartas.com.br\/wp-content\/uploads\/2023\/06\/pexels-javon-swaby-3279685-1568x1045.jpg 1568w\" sizes=\"(max-width: 1024px) 100vw, 1024px\" \/><\/figure>\n\n\n\n<h2 class=\"wp-block-heading has-text-align-center has-orange-background-color has-background has-normal-font-size\"><strong>Assim sendo, os jogadores, suas a\u00e7\u00f5es e rea\u00e7\u00f5es s\u00e3o incertas. De que forma surpreendente, inteligente, inusitada e dissimulada buscam solucionar seus problemas?<\/strong><\/h2>\n\n\n\n<h2 class=\"wp-block-heading has-text-align-center has-orange-background-color has-background has-normal-font-size\"><strong>Neste sentido o poker, e os jogadores proporcionam momentos que exigem muito controle emocional e certo conhecimento psicol\u00f3gico. <\/strong><\/h2>\n\n\n\n<h2 class=\"wp-block-heading has-text-align-center has-orange-background-color has-background has-normal-font-size\"><strong>Que exige muita aten\u00e7\u00e3o, foco, sem falar na resist\u00eancia f\u00edsica necess\u00e1ria para ficar por mais de 8 horas consecutivas na disputa de um torneio<\/strong><\/h2>\n\n\n\n<figure class=\"wp-block-image size-full\"><img decoding=\"async\" width=\"1024\" height=\"577\" src=\"https:\/\/poker52cartas.com.br\/wp-content\/uploads\/2022\/11\/20220824_202527.jpg\" alt=\"\" class=\"wp-image-46\" srcset=\"https:\/\/poker52cartas.com.br\/wp-content\/uploads\/2022\/11\/20220824_202527.jpg 1024w, https:\/\/poker52cartas.com.br\/wp-content\/uploads\/2022\/11\/20220824_202527-300x169.jpg 300w, https:\/\/poker52cartas.com.br\/wp-content\/uploads\/2022\/11\/20220824_202527-768x433.jpg 768w\" sizes=\"(max-width: 1024px) 100vw, 1024px\" \/><\/figure>\n\n\n\n<h2 class=\"wp-block-heading has-text-align-center has-orange-background-color has-background has-normal-font-size\"><strong>O estudo, aprendizado e pr\u00e1tica do Poker \u00e9 \u00fatil pra quem precisa desenvolver ou aprimorar suas habilidades em negocia\u00e7\u00e3o, avalia\u00e7\u00e3o de risco e recompensa, an\u00e1lise comportamental, controle emocional e tomada de decis\u00e3o.&nbsp;<\/strong><\/h2>\n\n\n\n<figure class=\"wp-block-image size-full\"><img loading=\"lazy\" decoding=\"async\" width=\"1024\" height=\"634\" src=\"https:\/\/poker52cartas.com.br\/wp-content\/uploads\/2022\/08\/WhatsApp-20Image-202022-08-25-20at-2009.23.29.jpeg\" alt=\"\" class=\"wp-image-82\" srcset=\"https:\/\/poker52cartas.com.br\/wp-content\/uploads\/2022\/08\/WhatsApp-20Image-202022-08-25-20at-2009.23.29.jpeg 1024w, https:\/\/poker52cartas.com.br\/wp-content\/uploads\/2022\/08\/WhatsApp-20Image-202022-08-25-20at-2009.23.29-300x186.jpeg 300w, https:\/\/poker52cartas.com.br\/wp-content\/uploads\/2022\/08\/WhatsApp-20Image-202022-08-25-20at-2009.23.29-768x476.jpeg 768w\" sizes=\"(max-width: 1024px) 100vw, 1024px\" \/><\/figure>\n\n\n\n<h1 class=\"wp-block-heading has-text-align-center has-orange-background-color has-background has-normal-font-size\"><strong>Diante de tudo isso, o processo de ensino e aprendizado, te\u00f3rico e pr\u00e1tico deve considerar estes fatores, para que os jogadores possam ter a capacidade de tomarem as decis\u00f5es adequadas.<\/strong><\/h1>\n","protected":false},"excerpt":{"rendered":"<p>O Poker \u00e9 um esporte da mente que exige mem\u00f3ria, racioc\u00ednio l\u00f3gico, gest\u00e3o do estresse e cumprimento de metas.&nbsp; O&nbsp;Poker \u00e9 um esporte altamente competitivo, e sua prepara\u00e7\u00e3o orienta-se tamb\u00e9m por referenciais vinculados aos aspectos t\u00e9cnicos. Aspectos t\u00e9cnicos como: as regras do jogo, a din\u00e2mica da mesa e das apostas, o ranking de m\u00e3os, as&hellip; <a class=\"more-link\" href=\"https:\/\/poker52cartas.com.br\/?page_id=133\">Continue reading <span class=\"screen-reader-text\">O Poker<\/span><\/a><\/p>\n","protected":false},"author":1,"featured_media":0,"parent":0,"menu_order":0,"comment_status":"closed","ping_status":"closed","template":"","meta":{"_monsterinsights_skip_tracking":false,"_monsterinsights_sitenote_active":false,"_monsterinsights_sitenote_note":"","_monsterinsights_sitenote_category":0,"footnotes":""},"class_list":["post-133","page","type-page","status-publish","hentry","entry"],"_links":{"self":[{"href":"https:\/\/poker52cartas.com.br\/index.php?rest_route=\/wp\/v2\/pages\/133","targetHints":{"allow":["GET"]}}],"collection":[{"href":"https:\/\/poker52cartas.com.br\/index.php?rest_route=\/wp\/v2\/pages"}],"about":[{"href":"https:\/\/poker52cartas.com.br\/index.php?rest_route=\/wp\/v2\/types\/page"}],"author":[{"embeddable":true,"href":"https:\/\/poker52cartas.com.br\/index.php?rest_route=\/wp\/v2\/users\/1"}],"replies":[{"embeddable":true,"href":"https:\/\/poker52cartas.com.br\/index.php?rest_route=%2Fwp%2Fv2%2Fcomments&post=133"}],"version-history":[{"count":8,"href":"https:\/\/poker52cartas.com.br\/index.php?rest_route=\/wp\/v2\/pages\/133\/revisions"}],"predecessor-version":[{"id":273,"href":"https:\/\/poker52cartas.com.br\/index.php?rest_route=\/wp\/v2\/pages\/133\/revisions\/273"}],"wp:attachment":[{"href":"https:\/\/poker52cartas.com.br\/index.php?rest_route=%2Fwp%2Fv2%2Fmedia&parent=133"}],"curies":[{"name":"wp","href":"https:\/\/api.w.org\/{rel}","templated":true}]}}