{"id":2,"date":"2023-04-22T10:21:00","date_gmt":"2023-04-22T10:21:00","guid":{"rendered":"http:\/\/poker52cartas.com.br\/?page_id=2"},"modified":"2025-07-11T07:23:58","modified_gmt":"2025-07-11T07:23:58","slug":"sample-page","status":"publish","type":"page","link":"https:\/\/poker52cartas.com.br\/","title":{"rendered":"Poker52Cartas"},"content":{"rendered":"\t\t<div data-elementor-type=\"wp-page\" data-elementor-id=\"2\" class=\"elementor elementor-2\">\n\t\t\t\t<div class=\"elementor-element elementor-element-6f2b4687 e-flex e-con-boxed e-con e-parent\" data-id=\"6f2b4687\" data-element_type=\"container\">\n\t\t\t\t\t<div class=\"e-con-inner\">\n\t\t\t\t<div class=\"elementor-element elementor-element-d45c286 elementor-widget elementor-widget-image\" data-id=\"d45c286\" data-element_type=\"widget\" data-widget_type=\"image.default\">\n\t\t\t\t<div class=\"elementor-widget-container\">\n\t\t\t\t\t\t\t\t\t\t\t\t\t\t\t<img fetchpriority=\"high\" decoding=\"async\" width=\"750\" height=\"250\" src=\"https:\/\/poker52cartas.com.br\/wp-content\/uploads\/2023\/06\/cropped-52-cartas-hjorizontal-Copia-1-1024x341.png\" class=\"attachment-large size-large wp-image-312\" alt=\"\" srcset=\"https:\/\/poker52cartas.com.br\/wp-content\/uploads\/2023\/06\/cropped-52-cartas-hjorizontal-Copia-1-1024x341.png 1024w, https:\/\/poker52cartas.com.br\/wp-content\/uploads\/2023\/06\/cropped-52-cartas-hjorizontal-Copia-1-300x100.png 300w, https:\/\/poker52cartas.com.br\/wp-content\/uploads\/2023\/06\/cropped-52-cartas-hjorizontal-Copia-1-768x256.png 768w, https:\/\/poker52cartas.com.br\/wp-content\/uploads\/2023\/06\/cropped-52-cartas-hjorizontal-Copia-1-1536x512.png 1536w, https:\/\/poker52cartas.com.br\/wp-content\/uploads\/2023\/06\/cropped-52-cartas-hjorizontal-Copia-1-2048x682.png 2048w, https:\/\/poker52cartas.com.br\/wp-content\/uploads\/2023\/06\/cropped-52-cartas-hjorizontal-Copia-1-1568x522.png 1568w\" sizes=\"(max-width: 750px) 100vw, 750px\" style=\"width:100%;height:33.32%;max-width:2050px\" \/>\t\t\t\t\t\t\t\t\t\t\t\t\t\t\t<\/div>\n\t\t\t\t<\/div>\n\t\t\t\t\t<\/div>\n\t\t\t\t<\/div>\n\t\t<div class=\"elementor-element elementor-element-4d3a0d8 e-flex e-con-boxed e-con e-parent\" data-id=\"4d3a0d8\" data-element_type=\"container\">\n\t\t\t\t\t<div class=\"e-con-inner\">\n\t\t<div class=\"elementor-element elementor-element-fcd2495 e-con-full e-grid e-con e-child\" data-id=\"fcd2495\" data-element_type=\"container\">\n\t\t\t\t<div class=\"elementor-element elementor-element-55d38d0 elementor-widget elementor-widget-heading\" data-id=\"55d38d0\" data-element_type=\"widget\" data-widget_type=\"heading.default\">\n\t\t\t\t<div class=\"elementor-widget-container\">\n\t\t\t\t\t<h2 class=\"elementor-heading-title elementor-size-default\"><a href=\"https:\/\/poker52cartas.com.br\/?page_id=133\" target=\"_blank\">O Poker<\/a><\/h2>\t\t\t\t<\/div>\n\t\t\t\t<\/div>\n\t\t\t\t<div class=\"elementor-element elementor-element-607811d elementor-widget elementor-widget-heading\" data-id=\"607811d\" data-element_type=\"widget\" data-widget_type=\"heading.default\">\n\t\t\t\t<div class=\"elementor-widget-container\">\n\t\t\t\t\t<h2 class=\"elementor-heading-title elementor-size-default\"><a href=\"https:\/\/poker52cartas.com.br\/?page_id=119\" target=\"_blank\">Blog<\/a><\/h2>\t\t\t\t<\/div>\n\t\t\t\t<\/div>\n\t\t\t\t<div class=\"elementor-element elementor-element-41cb643 elementor-widget elementor-widget-heading\" data-id=\"41cb643\" data-element_type=\"widget\" data-widget_type=\"heading.default\">\n\t\t\t\t<div class=\"elementor-widget-container\">\n\t\t\t\t\t<h2 class=\"elementor-heading-title elementor-size-default\"><a href=\"https:\/\/poker52cartas.com.br\/?page_id=121\" target=\"_blank\">Curso B\u00e1sico Gratuito<\/a><\/h2>\t\t\t\t<\/div>\n\t\t\t\t<\/div>\n\t\t\t\t<\/div>\n\t\t\t\t<div class=\"elementor-element elementor-element-fb4433b elementor-widget elementor-widget-spacer\" data-id=\"fb4433b\" data-element_type=\"widget\" data-widget_type=\"spacer.default\">\n\t\t\t\t<div class=\"elementor-widget-container\">\n\t\t\t\t\t\t\t<div class=\"elementor-spacer\">\n\t\t\t<div class=\"elementor-spacer-inner\"><\/div>\n\t\t<\/div>\n\t\t\t\t\t\t<\/div>\n\t\t\t\t<\/div>\n\t\t\t\t<div class=\"elementor-element elementor-element-e4d6c6b elementor-widget elementor-widget-heading\" data-id=\"e4d6c6b\" data-element_type=\"widget\" data-widget_type=\"heading.default\">\n\t\t\t\t<div class=\"elementor-widget-container\">\n\t\t\t\t\t<h2 class=\"elementor-heading-title elementor-size-default\">Metodologia Poker 52 Cartas<\/h2>\t\t\t\t<\/div>\n\t\t\t\t<\/div>\n\t\t\t\t<div class=\"elementor-element elementor-element-dafe22c elementor-widget elementor-widget-text-editor\" data-id=\"dafe22c\" data-element_type=\"widget\" data-widget_type=\"text-editor.default\">\n\t\t\t\t<div class=\"elementor-widget-container\">\n\t\t\t\t\t\t\t\t\t<p>O Poker52Cartas \u00e9 uma metodologia de ensino e aprendizado do poker baseado nas 52 cartas do baralho dito franc\u00eas, no qual se joga o poker. Nosso estudo, prioriza especificamente a modalidade do poker mais popular: o Texas Holdem. Para cada 1 hora de estudo e aprendizado formulado nesta metodologia foram necess\u00e1rias outras tantas em pesquisa e avalia\u00e7\u00e3o, al\u00e9m do desenvolvimento da metodologia em si.<\/p>\t\t\t\t\t\t\t\t<\/div>\n\t\t\t\t<\/div>\n\t\t<div class=\"elementor-element elementor-element-0b2953c e-grid e-con-full e-con e-child\" data-id=\"0b2953c\" data-element_type=\"container\">\n\t\t\t\t<div class=\"elementor-element elementor-element-cb122b8 elementor-widget elementor-widget-image\" data-id=\"cb122b8\" data-element_type=\"widget\" data-widget_type=\"image.default\">\n\t\t\t\t<div class=\"elementor-widget-container\">\n\t\t\t\t\t\t\t\t\t\t\t\t\t\t\t<img decoding=\"async\" width=\"482\" height=\"477\" src=\"https:\/\/poker52cartas.com.br\/wp-content\/uploads\/2023\/06\/2kk.png\" class=\"attachment-large size-large wp-image-159\" alt=\"\" srcset=\"https:\/\/poker52cartas.com.br\/wp-content\/uploads\/2023\/06\/2kk.png 482w, https:\/\/poker52cartas.com.br\/wp-content\/uploads\/2023\/06\/2kk-300x297.png 300w\" sizes=\"(max-width: 482px) 100vw, 482px\" style=\"width:100%;height:98.96%;max-width:482px\" \/>\t\t\t\t\t\t\t\t\t\t\t\t\t\t\t<\/div>\n\t\t\t\t<\/div>\n\t\t<div class=\"elementor-element elementor-element-d1ed98a e-con-full e-grid e-con e-child\" data-id=\"d1ed98a\" data-element_type=\"container\">\n\t\t\t\t<div class=\"elementor-element elementor-element-9888776 elementor-widget__width-initial elementor-widget elementor-widget-heading\" data-id=\"9888776\" data-element_type=\"widget\" data-widget_type=\"heading.default\">\n\t\t\t\t<div class=\"elementor-widget-container\">\n\t\t\t\t\t<h2 class=\"elementor-heading-title elementor-size-default\">Qual nosso prop\u00f3sito<\/h2>\t\t\t\t<\/div>\n\t\t\t\t<\/div>\n\t\t\t\t<div class=\"elementor-element elementor-element-ed55af9 elementor-widget elementor-widget-text-editor\" data-id=\"ed55af9\" data-element_type=\"widget\" data-widget_type=\"text-editor.default\">\n\t\t\t\t<div class=\"elementor-widget-container\">\n\t\t\t\t\t\t\t\t\t<p>O Poker52Cartas tem como objetivo desenvolver nos jogadores, de forma harm\u00f4nica, as habilidades indispens\u00e1veis ao jogo e estabelecer as condi\u00e7\u00f5es de ambiente para sua pr\u00e1tica, o que inclui a participa\u00e7\u00e3o de clubes organizados com estrutura adequada<\/p>\t\t\t\t\t\t\t\t<\/div>\n\t\t\t\t<\/div>\n\t\t\t\t<\/div>\n\t\t\t\t<\/div>\n\t\t\t\t\t<\/div>\n\t\t\t\t<\/div>\n\t\t<div class=\"elementor-element elementor-element-768f86f e-flex e-con-boxed e-con e-parent\" data-id=\"768f86f\" data-element_type=\"container\">\n\t\t\t\t\t<div class=\"e-con-inner\">\n\t\t\t\t<div class=\"elementor-element elementor-element-fba2c16 elementor-widget elementor-widget-heading\" data-id=\"fba2c16\" data-element_type=\"widget\" data-widget_type=\"heading.default\">\n\t\t\t\t<div class=\"elementor-widget-container\">\n\t\t\t\t\t<h2 class=\"elementor-heading-title elementor-size-default\">Como funciona?<\/h2>\t\t\t\t<\/div>\n\t\t\t\t<\/div>\n\t\t\t\t\t<\/div>\n\t\t\t\t<\/div>\n\t\t<div class=\"elementor-element elementor-element-542e9ea e-flex e-con-boxed e-con e-parent\" data-id=\"542e9ea\" data-element_type=\"container\">\n\t\t\t\t\t<div class=\"e-con-inner\">\n\t\t\t\t<div class=\"elementor-element elementor-element-1f2b6b5 elementor-widget elementor-widget-text-editor\" data-id=\"1f2b6b5\" data-element_type=\"widget\" data-widget_type=\"text-editor.default\">\n\t\t\t\t<div class=\"elementor-widget-container\">\n\t\t\t\t\t\t\t\t\t<p>Al\u00e9m disso, nosso foco \u00e9 o estudo dos pilares principais da estrutura do poker. S\u00e3o\u00a04 temas principais: o jogo, os jogadores, as fichas e as cartas\u00a0divididos em 3 M\u00f3dulos de estudo e aprendizado.<\/p>\t\t\t\t\t\t\t\t<\/div>\n\t\t\t\t<\/div>\n\t\t\t\t\t<\/div>\n\t\t\t\t<\/div>\n\t\t<div class=\"elementor-element elementor-element-102c84f e-flex e-con-boxed e-con e-parent\" data-id=\"102c84f\" data-element_type=\"container\">\n\t\t\t\t\t<div class=\"e-con-inner\">\n\t\t\t\t<div class=\"elementor-element elementor-element-ac4ca50 elementor-widget elementor-widget-image\" data-id=\"ac4ca50\" data-element_type=\"widget\" data-widget_type=\"image.default\">\n\t\t\t\t<div class=\"elementor-widget-container\">\n\t\t\t\t\t\t\t\t\t\t\t\t\t\t\t<img decoding=\"async\" src=\"https:\/\/poker52cartas.com.br\/wp-content\/plugins\/elementor\/assets\/images\/placeholder.png\" title=\"\" alt=\"\" loading=\"lazy\" \/>\t\t\t\t\t\t\t\t\t\t\t\t\t\t\t<\/div>\n\t\t\t\t<\/div>\n\t\t\t\t\t<\/div>\n\t\t\t\t<\/div>\n\t\t<div class=\"elementor-element elementor-element-8ecc20c e-flex e-con-boxed e-con e-parent\" data-id=\"8ecc20c\" data-element_type=\"container\">\n\t\t\t\t\t<div class=\"e-con-inner\">\n\t\t\t\t<div class=\"elementor-element elementor-element-691ae5f elementor-widget elementor-widget-text-editor\" data-id=\"691ae5f\" data-element_type=\"widget\" data-widget_type=\"text-editor.default\">\n\t\t\t\t<div class=\"elementor-widget-container\">\n\t\t\t\t\t\t\t\t\t<p>S\u00e3o no total 52 estudos em 4 temas principais. Cada tema, al\u00e9m do M\u00f3dulo Introdut\u00f3rio tem mais 13 estudos. Os 4 temas s\u00e3o 4 pilares do poker. De forma l\u00fadica aprenderemos poker com o aux\u00edlio das 13 cartas de cada um dos naipes do baralho, com o qual se pratica este esporte da mente.\u00a0<br \/>Ser\u00e3o 13 estudos em cada um dos temas, a saber:\u00a0O jogo, Os Jogadores, As fichas e As Cartas, representados pelos naipes: paus, copas, ouros e espadas respectivamente, totalizando al\u00e9m do M\u00f3dulo Introdut\u00f3rio, 52 estudos.<\/p>\t\t\t\t\t\t\t\t<\/div>\n\t\t\t\t<\/div>\n\t\t\t\t\t<\/div>\n\t\t\t\t<\/div>\n\t\t<div class=\"elementor-element elementor-element-39786ce e-flex e-con-boxed e-con e-parent\" data-id=\"39786ce\" data-element_type=\"container\">\n\t\t\t\t\t<div class=\"e-con-inner\">\n\t\t\t\t\t<\/div>\n\t\t\t\t<\/div>\n\t\t<div class=\"elementor-element elementor-element-5d0b43f e-flex e-con-boxed e-con e-parent\" data-id=\"5d0b43f\" data-element_type=\"container\">\n\t\t\t\t\t<div class=\"e-con-inner\">\n\t\t\t\t\t<\/div>\n\t\t\t\t<\/div>\n\t\t\t\t<\/div>\n\t\t","protected":false},"excerpt":{"rendered":"<p>O Poker Blog Curso B\u00e1sico Gratuito Metodologia Poker 52 Cartas O Poker52Cartas \u00e9 uma metodologia de ensino e aprendizado do poker baseado nas 52 cartas do baralho dito franc\u00eas, no qual se joga o poker. Nosso estudo, prioriza especificamente a modalidade do poker mais popular: o Texas Holdem. Para cada 1 hora de estudo e&hellip; <a class=\"more-link\" href=\"https:\/\/poker52cartas.com.br\/\">Continue reading <span class=\"screen-reader-text\">Poker52Cartas<\/span><\/a><\/p>\n","protected":false},"author":1,"featured_media":0,"parent":0,"menu_order":0,"comment_status":"closed","ping_status":"closed","template":"elementor_canvas","meta":{"_monsterinsights_skip_tracking":false,"_monsterinsights_sitenote_active":false,"_monsterinsights_sitenote_note":"","_monsterinsights_sitenote_category":0,"footnotes":""},"class_list":["post-2","page","type-page","status-publish","hentry","entry"],"_links":{"self":[{"href":"https:\/\/poker52cartas.com.br\/index.php?rest_route=\/wp\/v2\/pages\/2","targetHints":{"allow":["GET"]}}],"collection":[{"href":"https:\/\/poker52cartas.com.br\/index.php?rest_route=\/wp\/v2\/pages"}],"about":[{"href":"https:\/\/poker52cartas.com.br\/index.php?rest_route=\/wp\/v2\/types\/page"}],"author":[{"embeddable":true,"href":"https:\/\/poker52cartas.com.br\/index.php?rest_route=\/wp\/v2\/users\/1"}],"replies":[{"embeddable":true,"href":"https:\/\/poker52cartas.com.br\/index.php?rest_route=%2Fwp%2Fv2%2Fcomments&post=2"}],"version-history":[{"count":37,"href":"https:\/\/poker52cartas.com.br\/index.php?rest_route=\/wp\/v2\/pages\/2\/revisions"}],"predecessor-version":[{"id":351,"href":"https:\/\/poker52cartas.com.br\/index.php?rest_route=\/wp\/v2\/pages\/2\/revisions\/351"}],"wp:attachment":[{"href":"https:\/\/poker52cartas.com.br\/index.php?rest_route=%2Fwp%2Fv2%2Fmedia&parent=2"}],"curies":[{"name":"wp","href":"https:\/\/api.w.org\/{rel}","templated":true}]}}